{"id":4261,"date":"2016-12-20T18:24:30","date_gmt":"2016-12-21T00:24:30","guid":{"rendered":"http:\/\/www.polipastoshyundaimexico.com\/gruas-viajeras\/?page_id=4261"},"modified":"2019-02-15T17:24:40","modified_gmt":"2019-02-15T23:24:40","slug":"aviso-de-privacidad","status":"publish","type":"page","link":"https:\/\/www.polipastoshyundaimexico.com\/gruas-viajeras\/aviso-de-privacidad\/","title":{"rendered":"Aviso de privacidad"},"content":{"rendered":"<p dir=\"ltr\">Para TECNOSUIZA SA DE CV., ( en adelante \u201cTecnosuiza\u201d) el tratamiento legitimo y controlado de sus datos personales es de gran importancia para el cumplimiento de los objetivos institucionales, por ello refrendamos nuestro compromiso de mantener la privacidad de sus datos proporcionados.<\/p>\n<p dir=\"ltr\">El objetivo del presente, es comunicarle acerca del tratamiento que se le dar\u00e1n a sus datos personales, una vez que son obtenidos, utilizados, almacenados, transmitidos y\/o transferidos. Lo anterior a efecto de dar cumplimiento a lo establecido en la ley de Protecci\u00f3n de datos Personales \u00a0en Posesi\u00f3n de los Particulares.<\/p>\n<p dir=\"ltr\">Responsable del Tratamiento de sus datos Personales.<\/p>\n<p dir=\"ltr\">Tecnosuiza SA DE CV, con domicilio en calle 3 No 8, Fraccionamiento Industrial Benito Juarez, CP 76120, en Quer\u00e9taro, qro. Es el responsable del uso y protecci\u00f3n de sus datos personales, y al respecto le informamos lo siguiente:<\/p>\n<p dir=\"ltr\">Datos Personales a recabar.<\/p>\n<p dir=\"ltr\">Tecnosuiza Para llevar a cabo las finalidades descritas en el presente aviso de privacidad, recabar\u00e1 \u00a0sus datos personales de, identificaci\u00f3n; Ubicaci\u00f3n y Contacto.<\/p>\n<p dir=\"ltr\">Finalidades y\/o usos de los datos personales.<\/p>\n<p dir=\"ltr\">Tecnosuiza recabar\u00e1, adem\u00e1s de utilizar, almacenar, transmitir o transferir sus datos personales, en la justa medida que la ley lo permite, y con el objetivo de cumplir con las obligaciones originadas por la relaci\u00f3n comercial que se cree con usted, dando los siguientes usos a la informaci\u00f3n proporcionada; Dar de alta en la base de datos del cliente, cotizar, facturar, enviar, cobrar los productos o servicios que usted nos solicite, adem\u00e1s de administrar estad\u00edsticamente su comportamiento de compras y ofrecer referencias comerciales a sus proveedores.<\/p>\n<p dir=\"ltr\">De manera adicional, utilizaremos su informaci\u00f3n personal para las siguientes finalidades que no son necesarias para el servicio solicitado, pero que nos permiten y facilitan brindarle una mejor atenci\u00f3n; enviando informaci\u00f3n publicitaria, de procedimientos, referente a nuestros productos o servicios.<\/p>\n<p dir=\"ltr\">En caso de que no desee que sus datos personales se utilicen para estos fines, ind\u00edquelo a continuaci\u00f3n enviandolo a marketing@tecnosuiza.com con el asunto \u00abAVISO DE PRIVACIDAD\u00bb:<\/p>\n<p dir=\"ltr\">No consiento que mis datos personales se utilicen para los siguientes fines:<\/p>\n<ol>\n<li dir=\"ltr\">\n<p dir=\"ltr\">Enviar informaci\u00f3n publicitaria de los productos o servicios que ofrecemos ( \u00a0\u00a0\u00a0\u00a0)<\/p>\n<\/li>\n<li dir=\"ltr\">\n<p dir=\"ltr\">Enviar informaci\u00f3n de pol\u00edticas y procedimientos acerca de nuestra empresa ( \u00a0\u00a0\u00a0\u00a0)<\/p>\n<\/li>\n<\/ol>\n<p dir=\"ltr\">La negativa para el uso de sus datos personales para estas finalidades no podr\u00e1 ser un motivo para que le neguemos los servicios y productos que solicita o contrata con nosotros.<\/p>\n<p dir=\"ltr\">Transferencias de Datos personales<\/p>\n<p dir=\"ltr\">Nuestra empresa No realiza transferencias de datos personales a terceros, salvo las excepciones previstas en el articulo 37 de la Ley Federal de Protecci\u00f3n de Datos Personales en Posesi\u00f3n de Particulares.<\/p>\n<p dir=\"ltr\">Usted tiene el derecho a conocer que datos personales tenemos de usted, para que los utilizamos y las condiciones del uso que les damos (Acceso). Asimismo, es su derecho solicitar la correcci\u00f3n de su informaci\u00f3n personal en caso de que est\u00e9 desactualizada, sea inexacta o incompleta (Rectificaci\u00f3n); que la eliminemos de nuestros registros o bases de datos cuando considere que la misma no est\u00e1 siendo utilizada conforme a los principios, deberes y obligaciones previstas en la normativa (Cancelaci\u00f3n); as\u00ed como oponerse al uso de sus datos personales para fines espec\u00edficos (Oposici\u00f3n). Estos derechos se conocen como derechos Arco.<\/p>\n<p dir=\"ltr\">Para el ejercicio de cualquiera de los derechos ARCO, usted deber\u00e1 de presentar la solicitud respectiva en 2 tantos si es en documento o en su defecto de forma electr\u00f3nica, a la direcci\u00f3n facturacion arroba tecnosuiza.com\u00a0siempre conteniendo la firma del titular, as\u00ed como una identificaci\u00f3n del mismo la cual presente \u00a0firma legible.<\/p>\n<p dir=\"ltr\">Para conocer el procedimiento y requisitos para el ejercicio de los derechos ARCO, usted podr\u00e1 llamar al siguiente n\u00famero telef\u00f3nico de la Ciudad de Quer\u00e9taro, 442 2171563 o 2171564, al \u00e1rea de administraci\u00f3n o mediante correo electr\u00f3nico a la direcci\u00f3n facturacion arroba tecnosuiza.com, o directamente en el domicilio de Tecnosuiza, quien dar\u00e1 tr\u00e1mite a las solicitudes para el ejercicio de estos derechos, y atender\u00e1 cualquier duda que pudiera tener respecto al tratamiento de su informaci\u00f3n. Los datos de contacto son los siguientes:<\/p>\n<p dir=\"ltr\">Calle 3 No 8, Fraccionamiento Industrial Benito Juar\u00e9z, CP. 76120, Quer\u00e9taro, Qro. Tels- (442) 2171503, 04, 63 y 64, con el responsable del departamento de Administraci\u00f3n.<\/p>\n<p dir=\"ltr\">Una vez recibida su solicitud, recibir\u00e1 la respuesta por parte de Tecnosuiza, 15 d\u00edas posteriores a la confirmaci\u00f3n de recepci\u00f3n, siendo de forma electr\u00f3nica, o por medios impresos.<\/p>\n<p dir=\"ltr\">Derechos que le corresponden en relaci\u00f3n a sus datos personales.<\/p>\n<p dir=\"ltr\">Usted puede revocar el consentimiento que, en su caso, nos haya otorgado para el tratamiento de sus datos personales. Sin embargo, es importante que tome en cuenta que no en todos los casos podremos atender su solicitud o concluir el uso de forma inmediata, ya que es posible que por alguna obligaci\u00f3n legal requiramos seguir trabajando sus datos personales. Asimismo, usted deber\u00e1 considerar que para ciertos fines, la revocaci\u00f3n de su consentimiento implicar\u00e1 que no le podamos seguir prestando el servicio que nos solicit\u00f3, o la conclusi\u00f3n de su relaci\u00f3n con nosotros.<\/p>\n<p dir=\"ltr\">Para conocer el procedimiento y requisitos para la revocaci\u00f3n del consentimiento, usted podr\u00e1 ponerse en contacto con a nuestra \u00e1rea de administraci\u00f3n a la siguiente direcci\u00f3n y n\u00fameros telef\u00f3nicos de la Ciudad de Quer\u00e9taro; 442 2171563 o 2171564, al \u00e1rea de administraci\u00f3n o mediante correo electr\u00f3nico a la direcci\u00f3n facturacion arroba tecnosuiza.com, o en nuestras instalaciones ubicadas en Calle 3 No 8, Fraccionamiento Industrial Benito Juar\u00e9z, CP. 76120<\/p>\n<p dir=\"ltr\">Con el objeto de que usted pueda limitar el uso y divulgaci\u00f3n de su informaci\u00f3n personal, le ofrecemos los siguientes medios:<\/p>\n<ul>\n<li dir=\"ltr\">\n<p dir=\"ltr\">Su inscripci\u00f3n en el Registro P\u00fablico para evitar publicidad, que est\u00e1 a cargo de la Procuradur\u00eda Federal del Consumidor, con la finalidad de que sus datos personales no sean utilizados para recibir publicidad o promociones de empresas de bienes o servicios. Para mayor informaci\u00f3n sobre este registro usted puede consultar el portal de internet de la PROFECO, o bien ponerse en contacto directo con esta.<\/p>\n<\/li>\n<li dir=\"ltr\">\n<p dir=\"ltr\">Su registro en el listado de exclusi\u00f3n \u201cCONFIDENCIAL\u201da fin de que sus datos personales no sean tratados con fines mercadot\u00e9cnicos, publicitarios o de prospecci\u00f3n comercial por nuestra parte. Para mayor informaci\u00f3n \u00a0comunicarse a nuestra \u00e1rea de administraci\u00f3n a la siguiente direcci\u00f3n y n\u00fameros telef\u00f3nicos de la Ciudad de Quer\u00e9taro; 442 2171563 o 2171564, o mediante correo electr\u00f3nico a la direcci\u00f3n facturacion arroba tecnosuiza.com, o en nuestras instalaciones ubicadas en Calle 3 No 8, Fraccionamiento Industrial Benito Juar\u00e9z, CP. 76120<\/p>\n<\/li>\n<\/ul>\n<p dir=\"ltr\">El presente aviso de privacidad puede sufrir modificaciones, cambios o actualizaciones derivadas de nuevos requerimientos legales; de nuestras propias necesidades por los productos o servicios que ofrecemos; de nuestras practicas de privacidad; de cambios en nuestro modelo de negocio, o por otras causas.<\/p>\n<p dir=\"ltr\">Nos comprometemos a mantenerlo informado sobre los cambios que pueda sufrir el presente aviso de privacidad, a trav\u00e9s de mensajes electr\u00f3nicos enviados a su direcci\u00f3n de correo.<\/p>\n<p dir=\"ltr\">Si usted considera que su derecho a la protecci\u00f3n de sus datos personales ha sido lesionado por alguna conducta u omisi\u00f3n de nuestra parte, o presume alguna violaci\u00f3n a las disposiciones previstas en el Ley Federal de Protecci\u00f3n de Datos Personales en Posesi\u00f3n de los Particulares, su Reglamento y dem\u00e1s ordenamientos aplicables, podr\u00e1 interponer su inconformidad o denuncia ante el Instituto Federal de Acceso a la Informaci\u00f3n y Protecci\u00f3n de Datos (IFAI), Para mayor informaci\u00f3n, le sugerimos visitar su pagina oficial de internet www.ifai.org.mx<\/p>\n<p dir=\"ltr\">Otorgo mi consentimiento para que mis datos personales sean tratados conforme a lo se\u00f1alado en el presente aviso de privacidad.<\/p>\n<p dir=\"ltr\">GLOSARIO<\/p>\n<p dir=\"ltr\">Categor\u00eda de datos personales.<\/p>\n<p dir=\"ltr\">Datos de identificaci\u00f3n. Informaci\u00f3n concerniente a una persona f\u00edsica que permite diferenciarla entre otras en una colectividad, tales como: nombre completo; copia de identificaci\u00f3n oficial con fotograf\u00eda (Pasaporte, credencial de Elector; cedula profesional); nacionalidad; copia del registro federal de contribuyentes; copia de la Clave \u00danica de Registro de Poblaci\u00f3n (CURP); referencias personales;<\/p>\n<p dir=\"ltr\">Datos de ubicaci\u00f3n. Informaci\u00f3n que permite localizar a la persona f\u00edsica de en un plano geogr\u00e1fico, como Calle; N\u00famero; Colonia; C\u00f3digo Postal; Estado; Municipio; Localidad y \u00a0Pa\u00eds. comprobante de domicilio( recibos de luz, tel\u00e9fono, agua, predial);<\/p>\n<p>Datos de contacto. Informaci\u00f3n que permite entrar en contacto con su titular, correo electr\u00f3nico; tel\u00e9fono particular, del trabajo, celular<\/p>\n","protected":false},"excerpt":{"rendered":"<p>Para TECNOSUIZA SA DE CV., ( en adelante \u201cTecnosuiza\u201d) el tratamiento legitimo y controlado de sus datos personales es de gran importancia para el cumplimiento de los objetivos institucionales, por ello refrendamos nuestro compromiso de mantener la privacidad de sus datos proporcionados. El objetivo del presente, es comunicarle acerca del tratamiento que se le dar\u00e1n &hellip; <\/p>\n<p class=\"link-more\"><a href=\"https:\/\/www.polipastoshyundaimexico.com\/gruas-viajeras\/aviso-de-privacidad\/\" class=\"more-link\">Continuar leyendo<span class=\"screen-reader-text\"> \u00abAviso de privacidad\u00bb<\/span><\/a><\/p>\n","protected":false},"author":1,"featured_media":0,"parent":0,"menu_order":0,"comment_status":"closed","ping_status":"closed","template":"","meta":{"_joinchat":[],"footnotes":""},"class_list":["post-4261","page","type-page","status-publish","hentry"],"yoast_head":"<!-- This site is optimized with the Yoast SEO plugin v24.0 - https:\/\/yoast.com\/wordpress\/plugins\/seo\/ -->\n<title>Aviso de privacidad -<\/title>\n<meta name=\"description\" content=\"Aviso de privacidad para nuestros clientes de Polipastos Hyundai Mexico, con el objetivo de proporcionarle un mejor servicio.\" \/>\n<meta name=\"robots\" content=\"index, follow, max-snippet:-1, max-image-preview:large, max-video-preview:-1\" \/>\n<link rel=\"canonical\" href=\"https:\/\/www.polipastoshyundaimexico.com\/gruas-viajeras\/aviso-de-privacidad\/\" \/>\n<meta property=\"og:locale\" content=\"es_ES\" \/>\n<meta property=\"og:type\" content=\"article\" \/>\n<meta property=\"og:title\" content=\"Aviso de privacidad -\" \/>\n<meta property=\"og:description\" content=\"Aviso de privacidad para nuestros clientes de Polipastos Hyundai Mexico, con el objetivo de proporcionarle un mejor servicio.\" \/>\n<meta property=\"og:url\" content=\"https:\/\/www.polipastoshyundaimexico.com\/gruas-viajeras\/aviso-de-privacidad\/\" \/>\n<meta property=\"article:modified_time\" content=\"2019-02-15T23:24:40+00:00\" \/>\n<meta name=\"twitter:card\" content=\"summary_large_image\" \/>\n<meta name=\"twitter:label1\" content=\"Tiempo de lectura\" \/>\n\t<meta name=\"twitter:data1\" content=\"7 minutos\" \/>\n<script type=\"application\/ld+json\" class=\"yoast-schema-graph\">{\"@context\":\"https:\/\/schema.org\",\"@graph\":[{\"@type\":\"WebPage\",\"@id\":\"https:\/\/www.polipastoshyundaimexico.com\/gruas-viajeras\/aviso-de-privacidad\/\",\"url\":\"https:\/\/www.polipastoshyundaimexico.com\/gruas-viajeras\/aviso-de-privacidad\/\",\"name\":\"Aviso de privacidad -\",\"isPartOf\":{\"@id\":\"https:\/\/www.polipastoshyundaimexico.com\/gruas-viajeras\/#website\"},\"datePublished\":\"2016-12-21T00:24:30+00:00\",\"dateModified\":\"2019-02-15T23:24:40+00:00\",\"description\":\"Aviso de privacidad para nuestros clientes de Polipastos Hyundai Mexico, con el objetivo de proporcionarle un mejor servicio.\",\"breadcrumb\":{\"@id\":\"https:\/\/www.polipastoshyundaimexico.com\/gruas-viajeras\/aviso-de-privacidad\/#breadcrumb\"},\"inLanguage\":\"es\",\"potentialAction\":[{\"@type\":\"ReadAction\",\"target\":[\"https:\/\/www.polipastoshyundaimexico.com\/gruas-viajeras\/aviso-de-privacidad\/\"]}]},{\"@type\":\"BreadcrumbList\",\"@id\":\"https:\/\/www.polipastoshyundaimexico.com\/gruas-viajeras\/aviso-de-privacidad\/#breadcrumb\",\"itemListElement\":[{\"@type\":\"ListItem\",\"position\":1,\"name\":\"Portada\",\"item\":\"https:\/\/www.polipastoshyundaimexico.com\/gruas-viajeras\/\"},{\"@type\":\"ListItem\",\"position\":2,\"name\":\"Aviso de privacidad\"}]},{\"@type\":\"WebSite\",\"@id\":\"https:\/\/www.polipastoshyundaimexico.com\/gruas-viajeras\/#website\",\"url\":\"https:\/\/www.polipastoshyundaimexico.com\/gruas-viajeras\/\",\"name\":\"\",\"description\":\"\",\"publisher\":{\"@id\":\"https:\/\/www.polipastoshyundaimexico.com\/gruas-viajeras\/#organization\"},\"potentialAction\":[{\"@type\":\"SearchAction\",\"target\":{\"@type\":\"EntryPoint\",\"urlTemplate\":\"https:\/\/www.polipastoshyundaimexico.com\/gruas-viajeras\/?s={search_term_string}\"},\"query-input\":{\"@type\":\"PropertyValueSpecification\",\"valueRequired\":true,\"valueName\":\"search_term_string\"}}],\"inLanguage\":\"es\"},{\"@type\":\"Organization\",\"@id\":\"https:\/\/www.polipastoshyundaimexico.com\/gruas-viajeras\/#organization\",\"name\":\"Polipstos Hyundai M\u00e9xico\",\"url\":\"https:\/\/www.polipastoshyundaimexico.com\/gruas-viajeras\/\",\"logo\":{\"@type\":\"ImageObject\",\"inLanguage\":\"es\",\"@id\":\"https:\/\/www.polipastoshyundaimexico.com\/gruas-viajeras\/#\/schema\/logo\/image\/\",\"url\":\"https:\/\/www.polipastoshyundaimexico.com\/gruas-viajeras\/wp-content\/uploads\/2018\/06\/HYUNDAI-LOGO.png\",\"contentUrl\":\"https:\/\/www.polipastoshyundaimexico.com\/gruas-viajeras\/wp-content\/uploads\/2018\/06\/HYUNDAI-LOGO.png\",\"width\":3500,\"height\":971,\"caption\":\"Polipstos Hyundai M\u00e9xico\"},\"image\":{\"@id\":\"https:\/\/www.polipastoshyundaimexico.com\/gruas-viajeras\/#\/schema\/logo\/image\/\"}}]}<\/script>\n<!-- \/ Yoast SEO plugin. -->","yoast_head_json":{"title":"Aviso de privacidad -","description":"Aviso de privacidad para nuestros clientes de Polipastos Hyundai Mexico, con el objetivo de proporcionarle un mejor servicio.","robots":{"index":"index","follow":"follow","max-snippet":"max-snippet:-1","max-image-preview":"max-image-preview:large","max-video-preview":"max-video-preview:-1"},"canonical":"https:\/\/www.polipastoshyundaimexico.com\/gruas-viajeras\/aviso-de-privacidad\/","og_locale":"es_ES","og_type":"article","og_title":"Aviso de privacidad -","og_description":"Aviso de privacidad para nuestros clientes de Polipastos Hyundai Mexico, con el objetivo de proporcionarle un mejor servicio.","og_url":"https:\/\/www.polipastoshyundaimexico.com\/gruas-viajeras\/aviso-de-privacidad\/","article_modified_time":"2019-02-15T23:24:40+00:00","twitter_card":"summary_large_image","twitter_misc":{"Tiempo de lectura":"7 minutos"},"schema":{"@context":"https:\/\/schema.org","@graph":[{"@type":"WebPage","@id":"https:\/\/www.polipastoshyundaimexico.com\/gruas-viajeras\/aviso-de-privacidad\/","url":"https:\/\/www.polipastoshyundaimexico.com\/gruas-viajeras\/aviso-de-privacidad\/","name":"Aviso de privacidad -","isPartOf":{"@id":"https:\/\/www.polipastoshyundaimexico.com\/gruas-viajeras\/#website"},"datePublished":"2016-12-21T00:24:30+00:00","dateModified":"2019-02-15T23:24:40+00:00","description":"Aviso de privacidad para nuestros clientes de Polipastos Hyundai Mexico, con el objetivo de proporcionarle un mejor servicio.","breadcrumb":{"@id":"https:\/\/www.polipastoshyundaimexico.com\/gruas-viajeras\/aviso-de-privacidad\/#breadcrumb"},"inLanguage":"es","potentialAction":[{"@type":"ReadAction","target":["https:\/\/www.polipastoshyundaimexico.com\/gruas-viajeras\/aviso-de-privacidad\/"]}]},{"@type":"BreadcrumbList","@id":"https:\/\/www.polipastoshyundaimexico.com\/gruas-viajeras\/aviso-de-privacidad\/#breadcrumb","itemListElement":[{"@type":"ListItem","position":1,"name":"Portada","item":"https:\/\/www.polipastoshyundaimexico.com\/gruas-viajeras\/"},{"@type":"ListItem","position":2,"name":"Aviso de privacidad"}]},{"@type":"WebSite","@id":"https:\/\/www.polipastoshyundaimexico.com\/gruas-viajeras\/#website","url":"https:\/\/www.polipastoshyundaimexico.com\/gruas-viajeras\/","name":"","description":"","publisher":{"@id":"https:\/\/www.polipastoshyundaimexico.com\/gruas-viajeras\/#organization"},"potentialAction":[{"@type":"SearchAction","target":{"@type":"EntryPoint","urlTemplate":"https:\/\/www.polipastoshyundaimexico.com\/gruas-viajeras\/?s={search_term_string}"},"query-input":{"@type":"PropertyValueSpecification","valueRequired":true,"valueName":"search_term_string"}}],"inLanguage":"es"},{"@type":"Organization","@id":"https:\/\/www.polipastoshyundaimexico.com\/gruas-viajeras\/#organization","name":"Polipstos Hyundai M\u00e9xico","url":"https:\/\/www.polipastoshyundaimexico.com\/gruas-viajeras\/","logo":{"@type":"ImageObject","inLanguage":"es","@id":"https:\/\/www.polipastoshyundaimexico.com\/gruas-viajeras\/#\/schema\/logo\/image\/","url":"https:\/\/www.polipastoshyundaimexico.com\/gruas-viajeras\/wp-content\/uploads\/2018\/06\/HYUNDAI-LOGO.png","contentUrl":"https:\/\/www.polipastoshyundaimexico.com\/gruas-viajeras\/wp-content\/uploads\/2018\/06\/HYUNDAI-LOGO.png","width":3500,"height":971,"caption":"Polipstos Hyundai M\u00e9xico"},"image":{"@id":"https:\/\/www.polipastoshyundaimexico.com\/gruas-viajeras\/#\/schema\/logo\/image\/"}}]}},"_links":{"self":[{"href":"https:\/\/www.polipastoshyundaimexico.com\/gruas-viajeras\/wp-json\/wp\/v2\/pages\/4261"}],"collection":[{"href":"https:\/\/www.polipastoshyundaimexico.com\/gruas-viajeras\/wp-json\/wp\/v2\/pages"}],"about":[{"href":"https:\/\/www.polipastoshyundaimexico.com\/gruas-viajeras\/wp-json\/wp\/v2\/types\/page"}],"author":[{"embeddable":true,"href":"https:\/\/www.polipastoshyundaimexico.com\/gruas-viajeras\/wp-json\/wp\/v2\/users\/1"}],"replies":[{"embeddable":true,"href":"https:\/\/www.polipastoshyundaimexico.com\/gruas-viajeras\/wp-json\/wp\/v2\/comments?post=4261"}],"version-history":[{"count":3,"href":"https:\/\/www.polipastoshyundaimexico.com\/gruas-viajeras\/wp-json\/wp\/v2\/pages\/4261\/revisions"}],"predecessor-version":[{"id":4272,"href":"https:\/\/www.polipastoshyundaimexico.com\/gruas-viajeras\/wp-json\/wp\/v2\/pages\/4261\/revisions\/4272"}],"wp:attachment":[{"href":"https:\/\/www.polipastoshyundaimexico.com\/gruas-viajeras\/wp-json\/wp\/v2\/media?parent=4261"}],"curies":[{"name":"wp","href":"https:\/\/api.w.org\/{rel}","templated":true}]}}